{"id":205,"date":"2020-04-18T10:16:52","date_gmt":"2020-04-18T09:16:52","guid":{"rendered":"http:\/\/samschickenwings.com\/?post_type=product&#038;p=205"},"modified":"2020-05-15T13:01:05","modified_gmt":"2020-05-15T12:01:05","slug":"bbq","status":"publish","type":"product","link":"https:\/\/samschickenwings.com\/?product=bbq","title":{"rendered":"BBQ"},"content":{"rendered":"<p>Nuestras alitas m\u00e1s cl\u00e1sicas, ba\u00f1adas de nuestra salsa BBQ perfecta para pringarte los dedos.<\/p>\n","protected":false},"excerpt":{"rendered":"<p>Sal, pimienta y salsa bbq<\/p>\n","protected":false},"featured_media":520,"template":"","meta":{"spay_email":""},"product_cat":[17],"product_tag":[],"_links":{"self":[{"href":"https:\/\/samschickenwings.com\/index.php?rest_route=\/wp\/v2\/product\/205"}],"collection":[{"href":"https:\/\/samschickenwings.com\/index.php?rest_route=\/wp\/v2\/product"}],"about":[{"href":"https:\/\/samschickenwings.com\/index.php?rest_route=\/wp\/v2\/types\/product"}],"wp:featuredmedia":[{"embeddable":true,"href":"https:\/\/samschickenwings.com\/index.php?rest_route=\/wp\/v2\/media\/520"}],"wp:attachment":[{"href":"https:\/\/samschickenwings.com\/index.php?rest_route=%2Fwp%2Fv2%2Fmedia&parent=205"}],"wp:term":[{"taxonomy":"product_cat","embeddable":true,"href":"https:\/\/samschickenwings.com\/index.php?rest_route=%2Fwp%2Fv2%2Fproduct_cat&post=205"},{"taxonomy":"product_tag","embeddable":true,"href":"https:\/\/samschickenwings.com\/index.php?rest_route=%2Fwp%2Fv2%2Fproduct_tag&post=205"}],"curies":[{"name":"wp","href":"https:\/\/api.w.org\/{rel}","templated":true}]}}