{"id":484,"date":"2020-05-14T16:15:55","date_gmt":"2020-05-14T15:15:55","guid":{"rendered":"http:\/\/samschickenwings.com\/?page_id=484"},"modified":"2020-06-07T13:29:31","modified_gmt":"2020-06-07T12:29:31","slug":"aviso-legal","status":"publish","type":"page","link":"https:\/\/samschickenwings.com\/?page_id=484","title":{"rendered":"aviso legal"},"content":{"rendered":"\t\t<div data-elementor-type=\"wp-page\" data-elementor-id=\"484\" class=\"elementor elementor-484\">\n\t\t\t\t\t\t<div class=\"elementor-inner\">\n\t\t\t\t<div class=\"elementor-section-wrap\">\n\t\t\t\t\t\t\t\t\t<section class=\"elementor-section elementor-top-section elementor-element elementor-element-36e13b1 elementor-section-boxed elementor-section-height-default elementor-section-height-default\" data-id=\"36e13b1\" data-element_type=\"section\">\n\t\t\t\t\t\t<div class=\"elementor-container elementor-column-gap-default\">\n\t\t\t\t\t\t\t<div class=\"elementor-row\">\n\t\t\t\t\t<div class=\"elementor-column elementor-col-100 elementor-top-column elementor-element elementor-element-ec05ced\" data-id=\"ec05ced\" data-element_type=\"column\">\n\t\t\t<div class=\"elementor-column-wrap elementor-element-populated\">\n\t\t\t\t\t\t\t<div class=\"elementor-widget-wrap\">\n\t\t\t\t\t\t<div class=\"elementor-element elementor-element-8efe4d2 elementor-widget elementor-widget-text-editor\" data-id=\"8efe4d2\" data-element_type=\"widget\" data-widget_type=\"text-editor.default\">\n\t\t\t\t<div class=\"elementor-widget-container\">\n\t\t\t\t\t\t\t\t<div class=\"elementor-text-editor elementor-clearfix\">\n\t\t\t\t<p class=\"s9\"><span class=\"s10\">&nbsp; &nbsp; &nbsp; &nbsp; &nbsp; &nbsp; &nbsp; &nbsp; &nbsp; &nbsp; &nbsp; &nbsp; &nbsp; &nbsp; &nbsp; &nbsp; &nbsp; &nbsp; &nbsp; &nbsp; &nbsp; &nbsp; &nbsp; &nbsp; &nbsp; &nbsp; &nbsp; &nbsp; &nbsp; &nbsp; &nbsp; &nbsp; &nbsp; &nbsp; &nbsp; &nbsp; &nbsp; &nbsp; &nbsp; &nbsp;<span style=\"text-decoration: underline;\">AVISO LEGAL<\/span><\/span><span class=\"s10\">&nbsp;<\/span><\/p>\n<p><\/p>\n<p class=\"s12\"><span class=\"s11\">En cumplimiento del art\u00edculo 10 de la Ley 34\/2002, de 11 de Julio, de Servicios de la Sociedad de la Informaci\u00f3n y Comercio Electr\u00f3nico, a continuaci\u00f3n se exponen los datos identificativos de la empresa.<\/span><\/p>\n<table>\n<tbody>\n<tr>\n<td class=\"s13\">\n<div>\n<p class=\"s12\"><span class=\"s14\">NOMBRE \/ RAZ\u00d3N SOCIAL<\/span><\/p>\n<\/div>\n<\/td>\n<td>\n<div>\n<p class=\"s12\"><span class=\"s11\">SAMUEL GAYO DE BUSTOS<\/span><\/p>\n<\/div>\n<\/td>\n<\/tr>\n<tr>\n<td class=\"s13\">\n<div>\n<p class=\"s12\"><span class=\"s14\">NIF \/ CIF<\/span><\/p>\n<\/div>\n<\/td>\n<td>\n<div>\n<p class=\"s12\"><span class=\"s11\">47467693V<\/span><\/p>\n<\/div>\n<\/td>\n<\/tr>\n<tr>\n<td class=\"s13\">\n<div>\n<p class=\"s12\"><span class=\"s14\">ACTIVIDAD \/ OBJETO SOCIAL<\/span><\/p>\n<\/div>\n<\/td>\n<td>\n<div>\n<p class=\"s12\"><span class=\"s11\">Restauraci\u00f3n<\/span><span class=\"s11\"> \u2013 Hosteler\u00eda<\/span><\/p>\n<\/div>\n<\/td>\n<\/tr>\n<tr>\n<td class=\"s13\">\n<div>\n<p class=\"s12\"><span class=\"s14\">DOMICILIO<\/span><\/p>\n<\/div>\n<\/td>\n<td>\n<div>\n<p class=\"s12\"><span class=\"s11\">C\/ <\/span><span class=\"s11\">Jaboner\u00eda 16, 28850<\/span><span class=\"s11\"> Torrej\u00f3n de Ardoz (Madrid)<\/span><\/p>\n<\/div>\n<\/td>\n<\/tr>\n<tr>\n<td class=\"s13\">\n<div>\n<p class=\"s12\"><span class=\"s14\">TEL\u00c9FONO<\/span><\/p>\n<\/div>\n<\/td>\n<td>\n<div>\n<p class=\"s12\">910529446<\/p>\n<\/div>\n<\/td>\n<\/tr>\n<tr>\n<td class=\"s13\">\n<div>\n<p class=\"s12\"><span class=\"s14\">EMAIL<\/span><\/p>\n<\/div>\n<\/td>\n<td>\n<div>\n<p class=\"s12\"><span class=\"s11\">info@samschickenwings.e<\/span><a name=\"_GoBack\"><\/a><\/p>\n<\/div>\n<\/td>\n<\/tr>\n<tr>\n<td class=\"s13\">\n<div>\n<p class=\"s12\"><span class=\"s14\">P\u00c1GINA WEB<\/span><\/p>\n<\/div>\n<\/td>\n<td>\n<div>\n<p class=\"s12\"><span class=\"s11\">www<\/span><span class=\"s11\">.<\/span><span class=\"s11\">samschickenwings.es<\/span><\/p>\n<\/div>\n<\/td>\n<\/tr>\n<\/tbody>\n<\/table>\n<p class=\"s9\"><span class=\"s15\">CONDICIONES GENERALES DE USO<\/span><\/p>\n<p class=\"s12\"><span class=\"s11\">Este portal web&nbsp;tiene como objeto facilitar al p\u00fablico, en general, el conocimiento de las actividades que esta organizaci\u00f3n realiza y de los productos y servicios que presta, para el desarrollo de su actividad.<\/span><\/p>\n<p class=\"s12\"><span class=\"s11\">El uso de cualquiera de las funcionalidades del sitio Web implica la expresa y plena aceptaci\u00f3n de las condiciones aqu\u00ed expuestas, sin perjuicio de aquellas particulares que pudieran aplicarse a algunos de los servicios concretos ofrecidos a trav\u00e9s del sitio Web.<\/span><\/p>\n<p class=\"s12\"><span class=\"s11\">El titular del sitio Web se reserva la facultad de efectuar, en cualquier momento y sin necesidad de previo aviso, modificaciones y actualizaciones de la informaci\u00f3n contenida en su Web o en la configuraci\u00f3n y presentaci\u00f3n de \u00e9sta.<\/span><\/p>\n<p class=\"s12\"><span class=\"s11\">Con el objeto de mantener actualizada la informaci\u00f3n publicada el portal Web, los contenidos del mismo podr\u00e1n ser modificados, corregidos, eliminados o a\u00f1adidos en cualquier momento, por lo que ser\u00e1 conveniente comprobar la vigencia o exactitud de los mismos acudiendo a las fuentes oficiales.<\/span><\/p>\n<p class=\"s9\"><span class=\"s15\">PROPIEDAD INTELECTUAL, INDUSTRIAL Y FRAMES<\/span><\/p>\n<p class=\"s12\"><span class=\"s11\">Todos los elementos que forman el sitio Web, as\u00ed como su estructura, dise\u00f1o, c\u00f3digo fuente, as\u00ed como los logos, marcas y dem\u00e1s signos distintivos que aparecen en la misma, son <\/span><span class=\"s11\">titularidad de <\/span><span class=\"s14\">SAMUEL GAYO DE BUSTOS<\/span><span class=\"s11\"> o de sus colaboradores y est\u00e1n protegidos por los correspondientes derechos de propiedad intelectual e industrial.<\/span><\/p>\n<p class=\"s12\"><span class=\"s11\">Igualmente est\u00e1n protegidos por los correspondientes derechos de propiedad intelectual e industrial las im\u00e1genes y otros elementos gr\u00e1ficos contenidos en el sitio Web.<\/span><\/p>\n<p class=\"s12\"><span class=\"s11\">El titular del sitio Web proh\u00edbe expresamente la realizaci\u00f3n de \u00abframing\u00bb o la utilizaci\u00f3n por parte de terceros de cualesquiera otros mecanismos que alteren el dise\u00f1o, configuraci\u00f3n original o contenidos de nuestro sitio Web.<\/span><\/p>\n<p class=\"s12\"><span class=\"s11\">El uso de los contenidos deber\u00e1 respetar su licenciamiento particular. De tal modo su uso, reproducci\u00f3n, distribuci\u00f3n, comunicaci\u00f3n p\u00fablica, transformaci\u00f3n o cualquier otra actividad similar o an\u00e1loga, queda totalmente prohibida salvo que medie previa y expresa autorizaci\u00f3n del&nbsp;titular del sitio Web<\/span><span class=\"s11\">.<\/span><\/p>\n<p class=\"s12\"><span class=\"s11\">\u00danicamente se autoriza la reproducci\u00f3n total o parcial de los textos y contenidos proporcionados por el sitio Web, siempre que concurran todas y cada una de las siguientes condiciones:<\/span><\/p>\n<div class=\"s17\"><span class=\"s16\">\u2022 <\/span><span class=\"s11\">Se mantenga la integridad de los contenidos, documentos o gr\u00e1ficos<\/span><\/div>\n<div class=\"s17\"><span class=\"s16\">\u2022 <\/span><span class=\"s11\">Se cite expresamente al titular del sitio Web&nbsp;como fuente y origen de aquellos.<\/span><\/div>\n<div class=\"s17\"><span class=\"s16\">\u2022 <\/span><span class=\"s11\">El prop\u00f3sito y la finalidad de tal uso sea compatible con los fines de la Web y\/o actividad&nbsp;del titular del sitio Web.<\/span><\/div>\n<div class=\"s17\"><span class=\"s16\">\u2022 <\/span><span class=\"s11\">No se pretenda un uso comercial, quedando expresamente prohibidas su distribuci\u00f3n, comunicaci\u00f3n p\u00fablica, transformaci\u00f3n o descompilaci\u00f3n<\/span><\/div>\n<p class=\"s12\"><span class=\"s11\">Cualquier otro uso habr\u00e1 de ser comunicado y autorizado por el&nbsp;titular del sitio Web, previa y expresamente.<\/span><\/p>\n<p class=\"s12\"><span class=\"s11\">Respecto a las citas de productos y servicios de terceros,&nbsp;el titular del sitio Web reconoce a favor de sus titulares los correspondientes derechos de propiedad industrial e intelectual, no implicando su sola menci\u00f3n o aparici\u00f3n en la Web la existencia de derechos ni de responsabilidad alguna sobre los mismos, como tampoco respaldo, patrocinio o recomendaci\u00f3n.<\/span><\/p>\n<p class=\"s12\"><span class=\"s11\">El titular del sitio Web declara su respeto a los derechos de propiedad intelectual e industrial de terceros; por ello, si considera que nuestro sitio Web pudieran estar violando sus derechos, rogamos se ponga en contacto con&nbsp;el titular del sitio Web.<\/span><\/p>\n<p class=\"s9\"><span class=\"s15\">RESPONSABILIDAD<\/span><\/p>\n<p class=\"s12\"><span class=\"s11\">El titular del sitio Web no garantiza la inexistencia de errores en el acceso a la Web, en su contenido, ni que \u00e9ste se encuentre actualizado, aunque&nbsp;el titular del sitio Web&nbsp;desarrollar\u00e1 sus mejores esfuerzos para, en su caso, evitarlos, subsanarlos o actualizarlos.<\/span><\/p>\n<p class=\"s12\"><span class=\"s11\">Tanto el acceso al sitio Web, como el uso que pueda hacerse de la informaci\u00f3n contenida en los mismos es de la exclusiva responsabilidad de quien lo realiza.<\/span><\/p>\n<p class=\"s12\"><span class=\"s11\">El titular del sitio Web no se hace responsable de la informaci\u00f3n y contenidos almacenados, a t\u00edtulo enunciativo pero no limitativo, en foros, chats, blogs, comentarios, redes sociales o cualesquiera otro medio que permita a terceros publicar contenidos de la forma independiente en la p\u00e1gina Web<\/span><span class=\"s11\">.<\/span><\/p>\n<p class=\"s12\"><span class=\"s11\">No obstante, y en cumplimiento de lo dispuesto en la LSSI,&nbsp;el titular del sitio Web se pone a disposici\u00f3n de todos los usuarios, autoridades y fuerzas de seguridad, y colaborando de forma activa en la retirada o en su caso bloqueo de todos aquellos contenidos que pudieran afectar o contravenir la legislaci\u00f3n nacional, o internacional, derechos de terceros o la moral y el orden p\u00fablico. En caso de que el usuario considere que existe en el sitio web alg\u00fan contenido que pudiera ser susceptible de esta clasificaci\u00f3n, rogamos se ponga en contacto con&nbsp;el titular del sitio Web.<\/span><\/p>\n<p class=\"s12\"><span class=\"s11\">El titular del sitio Web no se responsabiliza de las contestaciones que se realicen a trav\u00e9s de las distintas direcciones de correo electr\u00f3nico que aparecen en su sitio Web, por lo que en ning\u00fan caso podr\u00e1 derivarse efecto jur\u00eddico vinculante de las mismas.<\/span><\/p>\n<p class=\"s9\"><span class=\"s15\">LINKS O HIPERENLACES<\/span><\/p>\n<p class=\"s12\"><span class=\"s11\">Los enlaces contenidos en nuestro sitio Web pueden dirigir a contenidos Web de tercero. El objetivo de dichos enlaces es \u00fanicamente facilitarle la b\u00fasqueda de los recursos que le puedan interesar a trav\u00e9s de Internet. No obstante, dichas p\u00e1ginas no pertenecen al&nbsp;titular del sitio Web,&nbsp;ni hace una revisi\u00f3n de sus contenidos y, por ello,&nbsp;el titular del sitio Web no asume ninguna responsabilidad por el contenido, informaciones o servicios que pudieran aparecer en dichos sitios, que tendr\u00e1n exclusivamente car\u00e1cter informativo y que en ning\u00fan caso implican relaci\u00f3n alguna entre&nbsp;el titular del sitio Web y las personas o entidades titulares de tales contenidos o titulares de otros sitios donde se encuentren.&nbsp;El titular del sitio Web tampoco puede hacerse responsable del funcionamiento de la p\u00e1gina enlazada o de los posibles da\u00f1os que puedan derivarse del acceso o uso de la misma.<\/span><\/p>\n<p class=\"s12\"><span class=\"s11\">Los enlaces a<\/span><span class=\"s11\"> este sitio web<\/span><span class=\"s11\"> deber\u00e1n respetar las siguientes condiciones:<\/span><\/p>\n<div class=\"s17\"><span class=\"s16\">\u2022 <\/span><span class=\"s11\">El establecimiento del enlace no supondr\u00e1 ning\u00fan tipo de acuerdo, contrato, patrocinio ni recomendaci\u00f3n por parte de&nbsp;prueba, sl de la p\u00e1gina que realiza el enlace.<\/span><\/div>\n<div class=\"s17\"><span class=\"s16\">\u2022 <\/span><span class=\"s11\">La p\u00e1gina Web en la que se establezca el hiperenlace no contendr\u00e1 informaciones con contenidos <\/span><\/div>\n<div class=\"s17\"><span class=\"s16\">\u2022 <\/span><span class=\"s11\">que sean il\u00edcitos, discriminatorios, contrarios a los principios \u00e9ticos com\u00fanmente aceptados o atenten contra el orden p\u00fabl<\/span><span class=\"s11\">i<\/span><span class=\"s11\">co, as\u00ed como tampoco contendr\u00e1 contenidos contrarios a cualesquiera derechos de terceros.<\/span><\/div>\n<div class=\"s17\"><span class=\"s16\">\u2022 <\/span><span class=\"s11\">El titular del sitio Web podr\u00e1 solicitar que se retire un enlace a su Web, sin necesidad de alegar causa alguna. En tal caso, la p\u00e1gina que haya realizado el enlace deber\u00e1 proceder a su inmediata supresi\u00f3n, tan pronto como reciba la notificaci\u00f3n del&nbsp;titular del sitio Web.<\/span><\/div>\n<div class=\"s17\"><span class=\"s16\">\u2022 <\/span><span class=\"s11\">No se responsabiliza de modo alguno ni garantiza la claridad, exactitud, fiabilidad, correcci\u00f3n o moralidad de contenidos o servicios que el establecimiento del hiperenlace pueda ofrecer. El usuario asume bajo su exclusiva responsabilidad las consecuencias, da\u00f1os o acciones que pudieran derivarse del acceso a la p\u00e1gina Web del hiperenlace.<\/span><\/div>\n<div class=\"s17\"><span class=\"s16\">\u2022 <\/span><span class=\"s11\">La p\u00e1gina Web en la que se establezca el hiperenlace no podr\u00e1 contener marca, denominaci\u00f3n, logotipo, eslogan u otros signos distintivos pertenecientes a&nbsp;el titular del sitio Web excepto aquellos signos que formen parte del mismo hiperenlace.<\/span><\/div>\n<p class=\"s9\"><span class=\"s15\">PROTECCI\u00d3N DE DATOS PERSONALES<\/span><\/p>\n<p class=\"s12\"><span class=\"s11\">Para aquellos casos que se recaben, traten o almacenen datos personales, se har\u00e1 en conformidad con la Pol\u00edtica de Privacidad publicada en el Website<\/span><span class=\"s11\">.<\/span><\/p>\n<p class=\"s9\"><span class=\"s15\">LEY APLICABLE Y JURISDICCI\u00d3N<\/span><\/p>\n<p class=\"s12\"><span class=\"s11\">La ley aplicable en caso de disputa o conflicto de interpretaci\u00f3n de los t\u00e9rminos que conforman este Aviso Legal, as\u00ed como cualquier cuesti\u00f3n relacionada con los servicios del presente Portal, ser\u00e1 la ley espa\u00f1ola.<\/span><\/p>\n<p class=\"s8\"><span class=\"s18\">IV. Contratos y cl\u00e1usulas. <\/span><span class=\"s18\">Aviso Legal Web<\/span><\/p>\t\t\t\t\t<\/div>\n\t\t\t\t\t\t<\/div>\n\t\t\t\t<\/div>\n\t\t\t\t\t\t<\/div>\n\t\t\t\t\t<\/div>\n\t\t<\/div>\n\t\t\t\t\t\t\t\t<\/div>\n\t\t\t\t\t<\/div>\n\t\t<\/section>\n\t\t\t\t\t\t\t\t\t<\/div>\n\t\t\t<\/div>\n\t\t\t\t\t<\/div>\n\t\t","protected":false},"excerpt":{"rendered":"<p>&nbsp; &nbsp; &nbsp; &nbsp; &nbsp; &nbsp; &nbsp; &nbsp; &nbsp; &nbsp; &nbsp; &nbsp; &nbsp; &nbsp; &nbsp; &nbsp; &nbsp; &nbsp; &nbsp; &nbsp; &nbsp; &nbsp; &nbsp; &nbsp; &nbsp; &nbsp; &nbsp; &nbsp; &nbsp; &nbsp; &nbsp; &nbsp; &nbsp; &nbsp; &nbsp; &nbsp; &nbsp; &nbsp; &nbsp; &nbsp;AVISO&#8230; <\/p>\n<div class=\"readmore-section\"><a href=\"https:\/\/samschickenwings.com\/?page_id=484\"><input type=\"submit\" name=\"submit\" value=\"Continue reading&#8230;\" class=\"readmore-btn\" ><\/a><\/div>\n","protected":false},"author":4,"featured_media":0,"parent":0,"menu_order":0,"comment_status":"closed","ping_status":"closed","template":"","meta":{"spay_email":"","footnotes":""},"_links":{"self":[{"href":"https:\/\/samschickenwings.com\/index.php?rest_route=\/wp\/v2\/pages\/484"}],"collection":[{"href":"https:\/\/samschickenwings.com\/index.php?rest_route=\/wp\/v2\/pages"}],"about":[{"href":"https:\/\/samschickenwings.com\/index.php?rest_route=\/wp\/v2\/types\/page"}],"author":[{"embeddable":true,"href":"https:\/\/samschickenwings.com\/index.php?rest_route=\/wp\/v2\/users\/4"}],"replies":[{"embeddable":true,"href":"https:\/\/samschickenwings.com\/index.php?rest_route=%2Fwp%2Fv2%2Fcomments&post=484"}],"version-history":[{"count":3,"href":"https:\/\/samschickenwings.com\/index.php?rest_route=\/wp\/v2\/pages\/484\/revisions"}],"predecessor-version":[{"id":691,"href":"https:\/\/samschickenwings.com\/index.php?rest_route=\/wp\/v2\/pages\/484\/revisions\/691"}],"wp:attachment":[{"href":"https:\/\/samschickenwings.com\/index.php?rest_route=%2Fwp%2Fv2%2Fmedia&parent=484"}],"curies":[{"name":"wp","href":"https:\/\/api.w.org\/{rel}","templated":true}]}}